{"id":4259,"date":"2020-04-28T14:27:02","date_gmt":"2020-04-28T17:27:02","guid":{"rendered":"http:\/\/wideprint.com.ar\/pavimentiweb\/?page_id=4259"},"modified":"2023-04-14T16:18:49","modified_gmt":"2023-04-14T19:18:49","slug":"nosotros","status":"publish","type":"page","link":"https:\/\/wideprint.com.ar\/pavimentiweb\/nosotros\/","title":{"rendered":"Nosotros"},"content":{"rendered":"<p>[vc_row full_width=&#8221;stretch_row_content_no_spaces&#8221; content_placement=&#8221;top&#8221; css=&#8221;.vc_custom_1588103878574{background-image: url(http:\/\/wideprint.com.ar\/pavimentiweb\/wp-content\/uploads\/2020\/04\/pavimenti_cover1byn.jpg?id=4337) !important;}&#8221;][vc_column][vc_empty_space height=&#8221;500px&#8221;][\/vc_column][\/vc_row][vc_row css=&#8221;.vc_custom_1619612888086{margin-top: 20px !important;}&#8221;][vc_column][vc_column_text]<\/p>\n<p style=\"text-align: justify;\"><span data-contrast=\"none\">Somos una <strong>EMPRESA<\/strong><\/span><b><i><span data-contrast=\"none\">\u00a0<\/span><\/i><\/b><span data-contrast=\"none\">que desde su fundaci\u00f3n <\/span><span data-contrast=\"none\">en 1982 est\u00e1 a la vanguardia en la producci\u00f3n y comercializaci\u00f3n de <strong>PISOS CEMENTICIOS<\/strong><\/span>.<\/p>\n<p style=\"text-align: justify;\"><span data-contrast=\"none\">Nuestro primer producto <\/span><b>LAJA R\u00daSTICA<\/b><span data-contrast=\"none\"> fue muy innovador para la \u00e9poca y en el a\u00f1o 1986 se patent\u00f3 en el Registro Nacional de la Propiedad Intelectual, con gran aceptaci\u00f3n y \u00e9xito comercial.\u00a0<\/span><\/p>\n<p style=\"text-align: justify;\"><span data-contrast=\"none\">Manteniendo el objetivo de fabricar productos diferenciales en dise\u00f1o y calidad en el a\u00f1o 1994 comenzamos con la producci\u00f3n de una nueva seria de pisos <\/span><b><span data-contrast=\"none\">PIEDRA PARIS<\/span><\/b><span data-contrast=\"none\">,<\/span><span data-contrast=\"none\"> Piedra Romana y Piedra Texturada (Actual Piedra Burdeos).<\/span><\/p>\n<p><span class=\"TextRun Highlight SCXW8545479 BCX0\" lang=\"ES-AR\" xml:lang=\"ES-AR\" data-contrast=\"none\"><span class=\"NormalTextRun SCXW8545479 BCX0\" data-ccp-parastyle=\"Normal (Web)\">Motivados por la satisfacci\u00f3n de nuestros clientes y atentos a nuevas necesidades, desde el a\u00f1o 1995 incorporamos un nuevo sector totalmente artesanal donde se realizan piezas especiales sobre medida, lo cual nos diferencia de otros productos permitiendo<\/span><span class=\"NormalTextRun SCXW8545479 BCX0\" data-ccp-parastyle=\"Normal (Web)\"> la fabricaci\u00f3n de <\/span><\/span><span class=\"TextRun Highlight SCXW8545479 BCX0\" lang=\"ES-AR\" xml:lang=\"ES-AR\" data-contrast=\"none\"><span class=\"NormalTextRun SCXW8545479 BCX0\" data-ccp-parastyle=\"Normal (Web)\"><strong>ESCALERAS<\/strong>,<\/span><\/span><span class=\"TextRun Highlight SCXW8545479 BCX0\" lang=\"ES-AR\" xml:lang=\"ES-AR\" data-contrast=\"none\"><span class=\"NormalTextRun SCXW8545479 BCX0\" data-ccp-parastyle=\"Normal (Web)\"> frente de hogar y bordes plantillados.<\/span><\/span><span class=\"EOP SCXW8545479 BCX0\" data-ccp-props=\"{&quot;134233117&quot;:false,&quot;134233118&quot;:false,&quot;201341983&quot;:2,&quot;335559738&quot;:0,&quot;335559739&quot;:143,&quot;335559740&quot;:390}\">\u00a0<\/span>[\/vc_column_text][\/vc_column][\/vc_row][vc_row full_width=&#8221;stretch_row_content_no_spaces&#8221; content_placement=&#8221;bottom&#8221; css=&#8221;.vc_custom_1619613826568{background-image: url(http:\/\/wideprint.com.ar\/pavimentiweb\/wp-content\/uploads\/2021\/04\/pavimenti-ECOdeck.jpg?id=4609) !important;}&#8221;][vc_column][vc_empty_space height=&#8221;500px&#8221;][\/vc_column][\/vc_row][vc_row css=&#8221;.vc_custom_1619613064473{margin-top: 3em !important;}&#8221;][vc_column][vc_column_text]<\/p>\n<h1>Aporte ecol\u00f3gico<\/h1>\n<p>[\/vc_column_text][\/vc_column][\/vc_row][vc_row][vc_column][vc_column_text]<\/p>\n<p style=\"text-align: justify;\">El <b>CRECIMIENTO<\/b> de Pavimenti desde sus inicios y durante <strong>40 a\u00f1os<\/strong> fue acompa\u00f1ado por el crecimiento en la construcci\u00f3n como consecuencia de la explosi\u00f3n demogr\u00e1fica de la que somos part\u00edcipes en nuestra \u00e9poca.<\/p>\n<p style=\"text-align: justify;\">Este crecimiento motiva la demanda masiva de materia prima y despierta globalmente la conciencia por el cuidado de nuestros recursos naturales.<\/p>\n<p style=\"text-align: justify;\">Existe una tendencia mundial a complementar el uso de la madera con otros productos para estimular el cuidado de los bosques para que puedan ser disfrutados por generaciones futuras.<\/p>\n<p style=\"text-align: justify;\">En el a\u00f1o 2012 lanzamos al mercado un nuevo producto, <b>ECODECK<\/b>, que por ser derivado de la piedra mantiene propiedades antideslizantes y at\u00e9rmicas, se adapta a los distintos usos, es aliado del tiempo, requiere <b>MINIMO MANTENIMIENTO<\/b>, y sobre todo es un bien durable.<\/p>\n<p style=\"text-align: justify;\"><span data-contrast=\"none\">Hoy m\u00e1s que nunca estamos orgullosos de producir materiales durables en nuestro \u201ctaller\u201d como resultado del trabajo manual de nuestros artesanos.<\/span><span data-ccp-props=\"{&quot;201341983&quot;:0,&quot;335551550&quot;:6,&quot;335551620&quot;:6,&quot;335559739&quot;:143,&quot;335559740&quot;:240}\">\u00a0<\/span><\/p>\n<p>&nbsp;<\/p>\n<p>[\/vc_column_text][\/vc_column][\/vc_row]<\/p>\n","protected":false},"excerpt":{"rendered":"<p>[vc_row full_width=&#8221;stretch_row_content_no_spaces&#8221; content_placement=&#8221;top&#8221; css=&#8221;.vc_custom_1588103878574{background-image: url(http:\/\/wideprint.com.ar\/pavimentiweb\/wp-content\/uploads\/2020\/04\/pavimenti_cover1byn.jpg?id=4337) !important;}&#8221;][vc_column][vc_empty_space height=&#8221;500px&#8221;][\/vc_column][\/vc_row][vc_row css=&#8221;.vc_custom_1619612888086{margin-top: 20px !important;}&#8221;][vc_column][vc_column_text] Somos una EMPRESA\u00a0que desde su fundaci\u00f3n en 1982 est\u00e1 a la vanguardia en la producci\u00f3n y comercializaci\u00f3n de PISOS CEMENTICIOS. Nuestro primer producto LAJA R\u00daSTICA fue muy innovador para la \u00e9poca y en el a\u00f1o 1986 se patent\u00f3 en el Registro Nacional de la Propiedad&hellip;<\/p>\n","protected":false},"author":1,"featured_media":0,"parent":0,"menu_order":0,"comment_status":"closed","ping_status":"closed","template":"","meta":[],"_links":{"self":[{"href":"https:\/\/wideprint.com.ar\/pavimentiweb\/wp-json\/wp\/v2\/pages\/4259"}],"collection":[{"href":"https:\/\/wideprint.com.ar\/pavimentiweb\/wp-json\/wp\/v2\/pages"}],"about":[{"href":"https:\/\/wideprint.com.ar\/pavimentiweb\/wp-json\/wp\/v2\/types\/page"}],"author":[{"embeddable":true,"href":"https:\/\/wideprint.com.ar\/pavimentiweb\/wp-json\/wp\/v2\/users\/1"}],"replies":[{"embeddable":true,"href":"https:\/\/wideprint.com.ar\/pavimentiweb\/wp-json\/wp\/v2\/comments?post=4259"}],"version-history":[{"count":20,"href":"https:\/\/wideprint.com.ar\/pavimentiweb\/wp-json\/wp\/v2\/pages\/4259\/revisions"}],"predecessor-version":[{"id":4838,"href":"https:\/\/wideprint.com.ar\/pavimentiweb\/wp-json\/wp\/v2\/pages\/4259\/revisions\/4838"}],"wp:attachment":[{"href":"https:\/\/wideprint.com.ar\/pavimentiweb\/wp-json\/wp\/v2\/media?parent=4259"}],"curies":[{"name":"wp","href":"https:\/\/api.w.org\/{rel}","templated":true}]}}